{"id":31770,"date":"2021-04-01T08:02:46","date_gmt":"2021-04-01T08:02:46","guid":{"rendered":"https:\/\/marny.com\/?post_type=product&#038;p=31770"},"modified":"2024-03-25T22:57:39","modified_gmt":"2024-03-25T22:57:39","slug":"fsp-cool-lockers-colour-mix","status":"publish","type":"product","link":"https:\/\/marny.com\/de\/webshop\/fsp-cool-lockers-colour-mix\/","title":{"rendered":"Farbmischschr\u00e4nke aus Kunststoff - FSP Cool"},"content":{"rendered":"<div class=\"product-details-module__title ec-header-h6\">\n<div class=\"product-details-module__title ec-header-h6\">\n<div class=\"product-details-module__title ec-header-h6\">\n<div class=\"product-details-module__title ec-header-h6\">Produktdaten<\/div>\n<div class=\"product-details-module__content\">\n<div id=\"productDescription\" class=\"product-details__product-description\">\n<div>\n<p>Zuf\u00e4llige Farbmischung ab Lager. Laden Sie eine Zeichnung mit Ihrem Design hoch!<br \/>\n\u00dcberpr\u00fcfen Sie die M\u00f6glichkeiten auch mit der Vollfarbpalette (jedoch mit einer langen Lieferzeit).<\/p>\n<p><strong><i>Abmessungen p<\/i><i>dort Schlie\u00dffach<\/i><\/strong><strong>:<\/strong><br \/>\nBreite: +\/- 38 cm (\u00d6ffnung +\/- 29 cm)<br \/>\nH\u00f6he: 172 cm<br \/>\nH\u00f6he pro T\u00fcr: 42 cm<br \/>\nTiefe: 45 cm<\/p>\n<p>M\u00f6glichkeit kleiner Ma\u00dfabweichungen aufgrund des Produktionsprozesses.<\/p>\n<p><strong><i>Standardverriegelungssystem FSP<\/i>:<\/strong><br \/>\nVorh\u00e4ngeschlossst\u00e4nder (nicht im Lieferumfang enthalten) mit einer Edelstahlschlaufe am Rumpf, die durch die T\u00fcr f\u00fchrt.<br \/>\nPhysisch ein Schloss, das im Schlie\u00dffachsektor seinesgleichen sucht. Nicht aufbrechen.<\/p>\n<p><strong><i>Technische Beschreibung<\/i>:<\/strong><br \/>\nSchlie\u00dff\u00e4cher aus LMDPE (Linear Poly-Ethylen mittlerer Dichte) mit einer UV-Best\u00e4ndigkeit 8. Grades.<br \/>\nKunststoff frei von giftigen Produkten.<br \/>\nVandalensicher mit Edelstahl-Drehzapfen an der gesamten T\u00fcr (pro Einheit).<br \/>\nDas Standardverriegelungssystem kann Vorh\u00e4ngeschl\u00f6sser bis zu einem Durchmesser von bis zu 10 mm verarbeiten.<br \/>\nDer Verschlei\u00df des Vorh\u00e4ngeschlosses wird durch einen Viertelkreis aus Polypropylen verhindert.<br \/>\nBenutzerfreundlich zum \u00d6ffnen der T\u00fcr mit einem Fingergriff in der Kunststoffplatte.<br \/>\nAlle verwendeten Materialien sind rostfrei (Polyethylen und Edelstahl)<br \/>\nGeeignet f\u00fcr feuchte Umgebung und salzige Seeluft (undurchl\u00e4ssig f\u00fcr die meisten Salze und S\u00e4uren)<br \/>\nOptionale Nummerierung pro Schlie\u00dffach m\u00f6glich.<br \/>\nOptionales schr\u00e4ges Dach gegen Staub oder Schmutz.<br \/>\nOptionaler Sockel.<br \/>\nDie Schlie\u00dff\u00e4cher werden mit selbstschneidenden Schrauben oder Blindnieten zusammengehalten.<br \/>\nGraffitibest\u00e4ndig<\/p>\n<p><strong><i>Garantie<\/i>:<\/strong><br \/>\n15 Jahre auf die Integrit\u00e4t des Schlie\u00dffachs und der UV.<br \/>\nDas LMDPE beh\u00e4lt seine Geschmeidigkeit und die Farben behalten nach 15 Jahren unter extremer UV-Exposition mindestens 90% ihrer Farbe.<\/p>\n<p><i><strong>Haftungsausschluss:<\/strong><br \/>\n<\/i>Aufgrund des rotierenden Produktionsprozesses in Formen mit dem LMDPE k\u00f6nnen Unterschiede zu 1% in den Abmessungen auftreten. Normalerweise ist das sehr gut, aber wenn sich dies als st\u00f6rend herausstellt, ist es am besten, etwas zu arrangieren, zum Beispiel von klein bis gro\u00df.<\/p>\n<\/div>\n<\/div>\n<\/div>\n<\/div>\n<\/div>\n<\/div>","protected":false},"excerpt":{"rendered":"<div class=\"product-details-module product-details__product-price-row\">\n<div class=\"product-details-module__content\">\n<div class=\"product-details__product-price-wholesale-note ec-text-muted\">Massenpreis verf\u00fcgbar f\u00fcr Mengen von 4 Artikeln oder mehr.<br \/>\nMehr kaufen, mehr sparen:<\/div>\n<\/div>\n<\/div>\n<div><\/div>\n<div><\/div>\n<div class=\"product-details-module product-details__product-price-wholesale\">\n<div class=\"product-details-module__content product-details-module__content--indented\">\n<div class=\"details-product-price-wholesale__container\">\n<table class=\"details-product-price-wholesale__table\" style=\"width: 100%; border-style: solid; border-color: #000000;\" border=\"1px\" cellspacing=\"5px\">\n<thead>\n<tr class=\"details-product-wholesale__header\">\n<td class=\"details-product-wholesale__column details-product-wholesale__column--qty\">Menge<\/td>\n<td class=\"details-product-wholesale__column details-product-wholesale__column--price\">Preis pro Artikel<\/td>\n<td class=\"details-product-wholesale__column details-product-wholesale__column--discount\">Rabatt<\/td>\n<\/tr>\n<\/thead>\n<tbody>\n<tr class=\"details-product-wholesale__row\">\n<td class=\"details-product-wholesale__column details-product-wholesale__column--qty\">4 Artikel<\/td>\n<td class=\"details-product-wholesale__column details-product-wholesale__column--price\"><span class=\"details-product__wholesale-price notranslate\">\u20ac329,00<\/span><\/td>\n<td class=\"details-product-wholesale__column details-product-wholesale__column--discount\"><span class=\"details-product__wholesale-off ec-text-muted\">5% Rabatt<\/span><\/td>\n<\/tr>\n<tr class=\"details-product-wholesale__row\">\n<td class=\"details-product-wholesale__column details-product-wholesale__column--qty\">8 Artikel<\/td>\n<td class=\"details-product-wholesale__column details-product-wholesale__column--price\"><span class=\"details-product__wholesale-price notranslate\">\u20ac319,00<\/span><\/td>\n<td class=\"details-product-wholesale__column details-product-wholesale__column--discount\"><span class=\"details-product__wholesale-off ec-text-muted\">8% Rabatt<\/span><\/td>\n<\/tr>\n<tr class=\"details-product-wholesale__row\">\n<td class=\"details-product-wholesale__column details-product-wholesale__column--qty\">20 Artikel<\/td>\n<td class=\"details-product-wholesale__column details-product-wholesale__column--price\"><span class=\"details-product__wholesale-price notranslate\">\u20ac309,00<\/span><\/td>\n<td class=\"details-product-wholesale__column details-product-wholesale__column--discount\"><span class=\"details-product__wholesale-off ec-text-muted\">10% Rabatt<\/span><\/td>\n<\/tr>\n<tr class=\"details-product-wholesale__row\">\n<td class=\"details-product-wholesale__column details-product-wholesale__column--qty\">50 Artikel<\/td>\n<td class=\"details-product-wholesale__column details-product-wholesale__column--price\"><span class=\"details-product__wholesale-price notranslate\">\u20ac299,00<\/span><\/td>\n<td class=\"details-product-wholesale__column details-product-wholesale__column--discount\"><span class=\"details-product__wholesale-off ec-text-muted\">13% Rabatt<\/span><\/td>\n<\/tr>\n<\/tbody>\n<\/table>\n<\/div>\n<\/div>\n<\/div>","protected":false},"featured_media":31806,"template":"","meta":{"_acf_changed":false,"_et_pb_use_builder":"","_et_pb_old_content":"","_et_gb_content_width":""},"product_brand":[],"product_cat":[29],"product_tag":[],"class_list":{"0":"post-31770","1":"product","2":"type-product","3":"status-publish","4":"has-post-thumbnail","6":"product_cat-kunststof-lockers","8":"first","9":"instock","10":"taxable","11":"shipping-taxable","12":"purchasable","13":"product-type-variable"},"exclude_global_add_ons":[],"addons":[],"acf":[],"_links":{"self":[{"href":"https:\/\/marny.com\/de\/wp-json\/wp\/v2\/product\/31770","targetHints":{"allow":["GET"]}}],"collection":[{"href":"https:\/\/marny.com\/de\/wp-json\/wp\/v2\/product"}],"about":[{"href":"https:\/\/marny.com\/de\/wp-json\/wp\/v2\/types\/product"}],"wp:featuredmedia":[{"embeddable":true,"href":"https:\/\/marny.com\/de\/wp-json\/wp\/v2\/media\/31806"}],"wp:attachment":[{"href":"https:\/\/marny.com\/de\/wp-json\/wp\/v2\/media?parent=31770"}],"wp:term":[{"taxonomy":"product_brand","embeddable":true,"href":"https:\/\/marny.com\/de\/wp-json\/wp\/v2\/product_brand?post=31770"},{"taxonomy":"product_cat","embeddable":true,"href":"https:\/\/marny.com\/de\/wp-json\/wp\/v2\/product_cat?post=31770"},{"taxonomy":"product_tag","embeddable":true,"href":"https:\/\/marny.com\/de\/wp-json\/wp\/v2\/product_tag?post=31770"}],"curies":[{"name":"wp","href":"https:\/\/api.w.org\/{rel}","templated":true}]}}